{"id":3124,"date":"2019-07-12T11:49:01","date_gmt":"2019-07-12T11:49:01","guid":{"rendered":"https:\/\/www.giorgiomontaldo.com\/about-me\/"},"modified":"2026-05-08T15:32:47","modified_gmt":"2026-05-08T15:32:47","slug":"about-me","status":"publish","type":"page","link":"https:\/\/www.giorgiomontaldo.com\/pl\/about-me\/","title":{"rendered":"O mnie"},"content":{"rendered":"\t\t<div data-elementor-type=\"wp-post\" data-elementor-id=\"3124\" class=\"elementor elementor-3124 elementor-295\" data-elementor-post-type=\"page\">\n\t\t\t\t\t\t<section class=\"elementor-section elementor-top-section elementor-element elementor-element-ca46a8f elementor-section-boxed elementor-section-height-default elementor-section-height-default\" data-id=\"ca46a8f\" data-element_type=\"section\" data-e-type=\"section\">\r\n\t\t\t\t\t\t<div class=\"elementor-container elementor-column-gap-thegem\"><div class=\"elementor-row\">\r\n\t\t\t\t\t<div class=\"elementor-column elementor-col-100 elementor-top-column elementor-element elementor-element-7ba1bf1\" data-id=\"7ba1bf1\" data-element_type=\"column\" data-e-type=\"column\">\n\t\t\t<div class=\"elementor-widget-wrap elementor-element-populated\">\n\t\t\t\t\t\t<div class=\"elementor-element elementor-element-7dd4b81 flex-horizontal-align-default flex-horizontal-align-tablet-default flex-horizontal-align-mobile-default flex-vertical-align-default flex-vertical-align-tablet-default flex-vertical-align-mobile-default elementor-widget elementor-widget-text-editor\" data-id=\"7dd4b81\" data-element_type=\"widget\" data-e-type=\"widget\" data-widget_type=\"text-editor.default\">\n\t\t\t\t<div class=\"elementor-widget-container\">\n\t\t\t\t\t\t\t\t\t\t\t\t<div class=\"elementor-text-editor elementor-clearfix\">\r\n\t\t\t\t\t\t<div class=\"title-h1 title-h2\"><span style=\"color: #ffffff;\"><span style=\"color: #00cde7;\">MOJE<\/span> do\u015bwiadczenie<\/span><\/div>\t\t\t\t\t\t\t<\/div>\r\n\t\t\t\t\t\t\t\t\t\t<\/div>\n\t\t\t\t<\/div>\n\t\t\t\t<div class=\"elementor-element elementor-element-7447438 flex-horizontal-align-default flex-horizontal-align-tablet-default flex-horizontal-align-mobile-default flex-vertical-align-default flex-vertical-align-tablet-default flex-vertical-align-mobile-default elementor-widget elementor-widget-text-editor\" data-id=\"7447438\" data-element_type=\"widget\" data-e-type=\"widget\" data-widget_type=\"text-editor.default\">\n\t\t\t\t<div class=\"elementor-widget-container\">\n\t\t\t\t\t\t\t\t\t\t\t\t<div class=\"elementor-text-editor elementor-clearfix\">\r\n\t\t\t\t\t\t<p class=\"styled-subtitle\">M\u00f3j pierwszy kontakt z Internetem mia\u0142 miejsce w 1994 roku &#8211; zanim jeszcze istnia\u0142o Google. Zafascynowany technologi\u0105 stoj\u0105c\u0105 za wyszukiwarkami i algorytmami, kt\u00f3re pozycjonuj\u0105 miliardy stron internetowych, po\u015bwi\u0119ci\u0142em si\u0119 opanowaniu optymalizacji pod k\u0105tem wyszukiwarek (SEO) od podstaw. <\/p><p class=\"styled-subtitle\">Ta pasja doprowadzi\u0142a mnie do zostania <strong>Google Quality Rater<\/strong>, przyczyniaj\u0105c si\u0119 bezpo\u015brednio do oceny algorytm\u00f3w wyszukiwania Google. Niewielu specjalist\u00f3w od marketingu cyfrowego ma taki wgl\u0105d z pierwszej r\u0119ki w to, jak Google ocenia i klasyfikuje tre\u015bci internetowe &#8211; i pozostaje to podstaw\u0105 mojego dzisiejszego podej\u015bcia do SEO. <\/p><p class=\"styled-subtitle\">Po pracy w <strong>CSI Piemonte<\/strong> jako specjalista ds. GIS oraz dla lokalnych w\u0142adz Turynu jako specjalista ds. IT i webmaster, do\u0142\u0105czy\u0142em do <strong>SEMS<\/strong> &#8211; jednej z 30 najlepszych agencji marketingu w wyszukiwarkach na \u015bwiecie &#8211; jako specjalista SEO.<\/p><p class=\"styled-subtitle\">Codzienna praca z najlepszymi specjalistami od marketingu cyfrowego nad z\u0142o\u017conymi, mi\u0119dzynarodowymi projektami ukszta\u0142towa\u0142a moj\u0105 metodologi\u0119 i utrzyma\u0142a mnie w czo\u0142\u00f3wce bran\u017cy.<\/p><p class=\"styled-subtitle\">Nast\u0119pnie za\u0142o\u017cy\u0142em swoj\u0105 niezale\u017cn\u0105 firm\u0119 konsultingow\u0105, dostarczaj\u0105c <strong>klientom specjalistyczn\u0105 wiedz\u0119 na najwy\u017cszym poziomie<\/strong> &#8211; bez narzut\u00f3w agencji, bez po\u015brednictwa account manager\u00f3w i z pe\u0142n\u0105 przejrzysto\u015bci\u0105 strategii i wynik\u00f3w.<\/p>\t\t\t\t\t\t\t<\/div>\r\n\t\t\t\t\t\t\t\t\t\t<\/div>\n\t\t\t\t<\/div>\n\t\t\t\t<div class=\"elementor-element elementor-element-80fc5a2 flex-horizontal-align-default flex-horizontal-align-tablet-default flex-horizontal-align-mobile-default flex-vertical-align-default flex-vertical-align-tablet-default flex-vertical-align-mobile-default elementor-widget elementor-widget-text-editor\" data-id=\"80fc5a2\" data-element_type=\"widget\" data-e-type=\"widget\" data-widget_type=\"text-editor.default\">\n\t\t\t\t<div class=\"elementor-widget-container\">\n\t\t\t\t\t\t\t\t\t\t\t\t<div class=\"elementor-text-editor elementor-clearfix\">\r\n\t\t\t\t\t\t<div class=\"title-h2\"><span style=\"color: #27ffe3;\">T<\/span><span style=\"color: #00cde7;\">R<\/span><span style=\"color: #3366ff;\">A<\/span><span style=\"color: #7c9bf7;\">V<\/span><span style=\"color: #7c43f7;\">E<\/span><span style=\"color: #6f0dd1;\">L <\/span><span style=\"color: #ffffff;\">&amp;<\/span> <span style=\"color: #27ffe3;\">HO<\/span><span style=\"color: #00cde7;\">SP<\/span><span style=\"letter-spacing: 0.05em; color: #3366ff;\">IT<\/span><span style=\"letter-spacing: 0.05em; color: #7c9bf7;\">AL<\/span><span style=\"letter-spacing: 0.05em; color: #7c43f7;\">IT<\/span><span style=\"color: #6f0dd1; letter-spacing: 0.05em;\">Y<\/span><\/div>\n<p class=\"styled-subtitle\"><span style=\"color: #ffffff;\">Znaczna cz\u0119\u015b\u0107 mojej pracy w zakresie marketingu cyfrowego koncentruje si\u0119 na sektorze podr\u00f3\u017cy i hotelarstwa &#8211; bran\u017cy, kt\u00f3r\u0105 znam nie tylko jako konsultant, ale z bezpo\u015bredniego do\u015bwiadczenia. Osobi\u015bcie zarz\u0105dzaj\u0105c firmami hotelarskimi, rozumiem presj\u0119 operacyjn\u0105, wyzwania zwi\u0105zane z sezonowo\u015bci\u0105 i dynamik\u0119 rezerwacji, z kt\u00f3rymi codziennie borykaj\u0105 si\u0119 w\u0142a\u015bciciele i mened\u017cerowie hoteli.<br>To do\u015bwiadczenie pozwala mi budowa\u0107 <a href=\"https:\/\/www.giorgiomontaldo.com\/pl\/digital-marketing-specialist\/sem\/\">kampanie Google Ads<\/a> i <a href=\"https:\/\/www.giorgiomontaldo.com\/pl\/digital-marketing-specialist\/seo\/\">strategie SEO<\/a>, kt\u00f3re s\u0105 oparte na rzeczywistych potrzebach biznesowych &#8211; a nie tylko teorii marketingowej. Wsp\u00f3\u0142pracuj\u0119 r\u00f3wnie\u017c z klientami z bran\u017cy modowej i detalicznej, stosuj\u0105c to samo podej\u015bcie oparte na danych w konkurencyjnych sektorach.  <\/span><\/p>\n<div class=\"title-h2\"><span style=\"color: #ffffff;\"><span style=\"color: #27ffe3;\">M<\/span><span style=\"color: #00cde7;\"><span style=\"color: #6f0dd1;\">ISJA<\/span><\/span><\/span><\/div>\n<p class=\"styled-subtitle\"><span style=\"color: #ffffff;\">Dzi\u015b pracuj\u0119 z t\u0105 sam\u0105 pasj\u0105, kt\u00f3ra nap\u0119dza\u0142a mnie w 1994 roku &#8211; oferuj\u0105c <a href=\"https:\/\/www.giorgiomontaldo.com\/pl\/digital-marketing-specialist\/\">doradztwo w zakresie marketingu cyfrowego<\/a> firmom, kt\u00f3re chc\u0105 wymiernego wzrostu dzi\u0119ki SEO, Google Ads i strategii opartej na danych. Moim g\u0142\u00f3wnym celem jest sektor podr\u00f3\u017cy i hotelarstwa, gdzie \u0142\u0105cz\u0119 wiedz\u0119 marketingow\u0105 z bezpo\u015brednim do\u015bwiadczeniem w bran\u017cy. Wspieram r\u00f3wnie\u017c firmy z bran\u017cy modowej, handlu detalicznego i innych konkurencyjnych sektor\u00f3w, a tak\u017ce <a href=\"https:\/\/www.giorgiomontaldo.com\/pl\/startup-consulting\/\">startupy na wczesnym etapie<\/a> rozwoju na ka\u017cdym etapie ich podr\u00f3\u017cy.  <\/span><\/p>\t\t\t\t\t\t\t<\/div>\r\n\t\t\t\t\t\t\t\t\t\t<\/div>\n\t\t\t\t<\/div>\n\t\t\t\t\t<\/div>\n\t\t<\/div>\n\t\t\t\t\t<\/div><\/div>\r\n\t\t<\/section>\r\n\t\t\t\t<section class=\"elementor-section elementor-top-section elementor-element elementor-element-0776b85 elementor-section-boxed elementor-section-height-default elementor-section-height-default\" data-id=\"0776b85\" data-element_type=\"section\" data-e-type=\"section\" data-settings=\"{&quot;background_background&quot;:&quot;classic&quot;}\">\r\n\t\t\t\t\t\t<div class=\"elementor-container elementor-column-gap-thegem\"><div class=\"elementor-row\">\r\n\t\t\t\t\t<div class=\"elementor-column elementor-col-100 elementor-top-column elementor-element elementor-element-12afbb3\" data-id=\"12afbb3\" data-element_type=\"column\" data-e-type=\"column\">\n\t\t\t<div class=\"elementor-widget-wrap elementor-element-populated\">\n\t\t\t\t\t\t<div class=\"elementor-element elementor-element-77801ac flex-horizontal-align-default flex-horizontal-align-tablet-default flex-horizontal-align-mobile-default flex-vertical-align-default flex-vertical-align-tablet-default flex-vertical-align-mobile-default elementor-widget elementor-widget-thegem-styledbutton\" data-id=\"77801ac\" data-element_type=\"widget\" data-e-type=\"widget\" data-settings=\"{&quot;thegem_button_skin&quot;:&quot;outline&quot;}\" data-widget_type=\"thegem-styledbutton.default\">\n\t\t\t\t<div class=\"elementor-widget-container\">\n\t\t\t\t\t\n<div class=\"gem-button-container gem-widget-button\">\n\n\t\t<a class=\"gem-button gem-button-size-giant gem-button-text-weight-bold gem-button-style-outline gem-button-border-6\" href=\"https:\/\/www.giorgiomontaldo.com\/pl\/contact-me\/\">\n\t\t<span class=\"gem-inner-wrapper-btn\">\n\t\t\t\t\t\t<span class=\"gem-text-button\">\n\t\t\t\tZAREZERWUJ BEZP\u0141ATN\u0104 KONSULTACJ\u0118\t\t\t<\/span>\n\t\t<\/span>\n\t<\/a>\n\n\t\n<\/div>\t\t\t\t<\/div>\n\t\t\t\t<\/div>\n\t\t\t\t\t<\/div>\n\t\t<\/div>\n\t\t\t\t\t<\/div><\/div>\r\n\t\t<\/section>\r\n\t\t\t\t<section class=\"elementor-section elementor-top-section elementor-element elementor-element-c639fb1 elementor-section-boxed elementor-section-height-default elementor-section-height-default\" data-id=\"c639fb1\" data-element_type=\"section\" data-e-type=\"section\" data-settings=\"{&quot;background_background&quot;:&quot;classic&quot;,&quot;shape_divider_top&quot;:&quot;zigzag&quot;}\">\r\n\t\t\t\t\t<div class=\"elementor-shape elementor-shape-top\" data-negative=\"false\">\r\n\t\t\t<svg xmlns=\"http:\/\/www.w3.org\/2000\/svg\" viewBox=\"0 0 1800 5.8\" preserveAspectRatio=\"none\">\n  <path class=\"elementor-shape-fill\" d=\"M5.4.4l5.4 5.3L16.5.4l5.4 5.3L27.5.4 33 5.7 38.6.4l5.5 5.4h.1L49.9.4l5.4 5.3L60.9.4l5.5 5.3L72 .4l5.5 5.3L83.1.4l5.4 5.3L94.1.4l5.5 5.4h.2l5.6-5.4 5.5 5.3 5.6-5.3 5.4 5.3 5.6-5.3 5.5 5.3 5.6-5.3 5.5 5.4h.2l5.6-5.4 5.4 5.3L161 .4l5.4 5.3L172 .4l5.5 5.3 5.6-5.3 5.4 5.3 5.7-5.3 5.4 5.4h.2l5.6-5.4 5.5 5.3 5.6-5.3 5.5 5.3 5.6-5.3 5.4 5.3 5.6-5.3 5.5 5.4h.2l5.6-5.4 5.5 5.3L261 .4l5.4 5.3L272 .4l5.5 5.3 5.6-5.3 5.5 5.3 5.6-5.3 5.5 5.4h.1l5.7-5.4 5.4 5.3 5.6-5.3 5.5 5.3 5.6-5.3 5.4 5.3 5.7-5.3 5.4 5.4h.2l5.6-5.4 5.5 5.3L361 .4l5.5 5.3 5.6-5.3 5.4 5.3 5.6-5.3 5.5 5.3 5.6-5.3 5.5 5.4h.1l5.7-5.4 5.4 5.3 5.6-5.3 5.5 5.3 5.6-5.3 5.5 5.3 5.6-5.3 5.5 5.4h.1l5.6-5.4 5.5 5.3L461 .4l5.5 5.3 5.6-5.3 5.4 5.3 5.7-5.3 5.4 5.3 5.6-5.3 5.5 5.4h.2l5.6-5.4 5.5 5.3 5.6-5.3 5.4 5.3 5.6-5.3 5.5 5.3 5.6-5.3 5.5 5.4h.1L550 .4l5.4 5.3L561 .4l5.5 5.3 5.6-5.3 5.5 5.3 5.6-5.3 5.4 5.3 5.6-5.3 5.5 5.4h.2l5.6-5.4 5.5 5.3 5.6-5.3 5.4 5.3 5.7-5.3 5.4 5.3 5.6-5.3 5.5 5.4h.2L650 .4l5.5 5.3 5.6-5.3 5.4 5.3 5.6-5.3 5.5 5.3 5.6-5.3 5.5 5.3 5.6-5.3 5.4 5.4h.2l5.6-5.4 5.5 5.3 5.6-5.3 5.5 5.3 5.6-5.3 5.4 5.3 5.6-5.3 5.5 5.4h.2L750 .4l5.5 5.3 5.6-5.3 5.4 5.3 5.7-5.3 5.4 5.3 5.6-5.3 5.5 5.3 5.6-5.3 5.5 5.4h.1l5.7-5.4 5.4 5.3 5.6-5.3 5.5 5.3 5.6-5.3 5.5 5.3 5.6-5.3 5.4 5.4h.2L850 .4l5.5 5.3 5.6-5.3 5.5 5.3 5.6-5.3 5.4 5.3 5.6-5.3 5.5 5.3 5.6-5.3 5.5 5.4h.2l5.6-5.4 5.4 5.3 5.7-5.3 5.4 5.3 5.6-5.3 5.5 5.3 5.6-5.3 5.5 5.4h.1l5.7-5.4 5.4 5.3 5.6-5.3 5.5 5.3 5.6-5.3 5.5 5.3 5.6-5.3 5.4 5.3 5.6-5.3 5.5 5.4h.2l5.6-5.4 5.5 5.3 5.6-5.3 5.4 5.3 5.6-5.3 5.5 5.3 5.6-5.3 5.5 5.4h.2l5.6-5.4 5.4 5.3 5.7-5.3 5.4 5.3 5.6-5.3 5.5 5.3 5.6-5.3 5.5 5.3 5.6-5.3 5.4 5.4h.2l5.6-5.4 5.5 5.3 5.6-5.3 5.5 5.3 5.6-5.3 5.4 5.3 5.6-5.3 5.5 5.4h.2l5.6-5.4 5.5 5.3 5.6-5.3 5.4 5.3 5.6-5.3 5.5 5.3 5.6-5.3 5.5 5.3 5.6-5.3 5.5 5.4h.1l5.7-5.4 5.4 5.3 5.6-5.3 5.5 5.3 5.6-5.3 5.5 5.3 5.6-5.3 5.4 5.4h.2l5.6-5.4 5.5 5.3 5.6-5.3 5.5 5.3 5.6-5.3 5.4 5.3 5.6-5.3 5.5 5.3 5.6-5.3 5.5 5.4h.2l5.6-5.4 5.4 5.3 5.6-5.3 5.5 5.3 5.6-5.3 5.5 5.3 5.6-5.3 5.5 5.4h.1l5.7-5.4 5.4 5.3 5.6-5.3 5.5 5.3 5.6-5.3 5.5 5.3 5.6-5.3 5.4 5.3 5.6-5.3 5.5 5.4h.2l5.6-5.4 5.5 5.3 5.6-5.3 5.4 5.3 5.6-5.3 5.5 5.3 5.6-5.3 5.5 5.4h.2l5.6-5.4 5.4 5.3 5.6-5.3 5.5 5.3 5.6-5.3 5.5 5.3 5.6-5.3 5.4 5.3 5.7-5.3 5.4 5.4h.2l5.6-5.4 5.5 5.3 5.6-5.3 5.5 5.3 5.6-5.3 5.4 5.3 5.6-5.3 5.5 5.4h.2l5.6-5.4 5.5 5.3 5.6-5.3 5.4 5.3 5.6-5.3 5.5 5.3 5.6-5.3 5.5 5.3 5.6-5.3 5.5 5.4h.1l5.6-5.4 5.5 5.3 5.6-5.3 5.5 5.3 5.6-5.3 5.4 5.3 5.7-5.3 5.4 5.4h.2l5.6-5.4 5.5 5.3 5.6-5.3 5.5 5.3 5.6-5.3 5.4 5.3 5.6-5.3 5.5 5.3 5.6-5.3 5.5 5.4h.1l5.7-5.4 5.4 5.3 5.6-5.3 5.5 5.3 5.6-5.3 5.5 5.3 5.6-5.3 5.5 5.4h.1l5.6-5.4 5.5 5.3 5.6-5.3 5.5 5.3 5.6-5.3 5.4 5.3 5.7-5.3 5.4 5.3 5.6-5.3 5.5 5.4V0H-.2v5.8z\"\/>\n<\/svg>\n\t\t<\/div>\r\n\t\t\t\t\t<div class=\"elementor-container elementor-column-gap-thegem\"><div class=\"elementor-row\">\r\n\t\t\t\t\t<div class=\"elementor-column elementor-col-100 elementor-top-column elementor-element elementor-element-8c5ac56\" data-id=\"8c5ac56\" data-element_type=\"column\" data-e-type=\"column\">\n\t\t\t<div class=\"elementor-widget-wrap elementor-element-populated\">\n\t\t\t\t\t\t<div class=\"elementor-element elementor-element-c982c4f flex-horizontal-align-default flex-horizontal-align-tablet-default flex-horizontal-align-mobile-default flex-vertical-align-default flex-vertical-align-tablet-default flex-vertical-align-mobile-default elementor-widget elementor-widget-text-editor\" data-id=\"c982c4f\" data-element_type=\"widget\" data-e-type=\"widget\" data-widget_type=\"text-editor.default\">\n\t\t\t\t<div class=\"elementor-widget-container\">\n\t\t\t\t\t\t\t\t\t\t\t\t<div class=\"elementor-text-editor elementor-clearfix\">\r\n\t\t\t\t\t\t<div class=\"title-h1\"><span style=\"color: #ffffff;\"><span style=\"color: #00cde7;\">MOJA<\/span> EDUKACJA<\/span><\/div>\t\t\t\t\t\t\t<\/div>\r\n\t\t\t\t\t\t\t\t\t\t<\/div>\n\t\t\t\t<\/div>\n\t\t\t\t<section class=\"elementor-section elementor-inner-section elementor-element elementor-element-dbe5e07 elementor-section-boxed elementor-section-height-default elementor-section-height-default\" data-id=\"dbe5e07\" data-element_type=\"section\" data-e-type=\"section\">\r\n\t\t\t\t\t\t<div class=\"elementor-container elementor-column-gap-thegem\"><div class=\"elementor-row\">\r\n\t\t\t\t\t<div class=\"elementor-column elementor-col-50 elementor-inner-column elementor-element elementor-element-a961399\" data-id=\"a961399\" data-element_type=\"column\" data-e-type=\"column\">\n\t\t\t<div class=\"elementor-widget-wrap elementor-element-populated\">\n\t\t\t\t\t\t<div class=\"elementor-element elementor-element-d2f6d34 flex-horizontal-align-default flex-horizontal-align-tablet-default flex-horizontal-align-mobile-default flex-vertical-align-default flex-vertical-align-tablet-default flex-vertical-align-mobile-default elementor-invisible elementor-widget elementor-widget-image\" data-id=\"d2f6d34\" data-element_type=\"widget\" data-e-type=\"widget\" data-settings=\"{&quot;_animation&quot;:&quot;fadeInUp&quot;}\" data-widget_type=\"image.default\">\n\t\t\t\t<div class=\"elementor-widget-container\">\n\t\t\t\t\t\t\t\t\t\t\t\t\t\t\t<img src=\"https:\/\/www.giorgiomontaldo.com\/wp-content\/uploads\/elementor\/thumbs\/logo-politecnico-torino-qiqan18zbhvgq0rj63f74iyvuf5jbz5ydxv6jx36fk.png\" title=\"logo-politecnico-torino\" alt=\"logo-politecnico-torino\" loading=\"lazy\" \/>\t\t\t\t\t\t\t\t\t\t\t\t\t\t\t<\/div>\n\t\t\t\t<\/div>\n\t\t\t\t<div class=\"elementor-element elementor-element-e807b14 flex-horizontal-align-default flex-horizontal-align-tablet-default flex-horizontal-align-mobile-default flex-vertical-align-default flex-vertical-align-tablet-default flex-vertical-align-mobile-default elementor-widget elementor-widget-heading\" data-id=\"e807b14\" data-element_type=\"widget\" data-e-type=\"widget\" data-widget_type=\"heading.default\">\n\t\t\t\t<div class=\"elementor-widget-container\">\n\t\t\t\t\t<div class=\"title-h6 light elementor-heading-title elementor-size-default\">5-letnie studia in\u017cynierskie na Politechnice w Turynie (Turyn, W\u0142ochy)<\/div>\t\t\t\t<\/div>\n\t\t\t\t<\/div>\n\t\t\t\t\t<\/div>\n\t\t<\/div>\n\t\t\t\t<div class=\"elementor-column elementor-col-50 elementor-inner-column elementor-element elementor-element-228a0fb\" data-id=\"228a0fb\" data-element_type=\"column\" data-e-type=\"column\">\n\t\t\t<div class=\"elementor-widget-wrap elementor-element-populated\">\n\t\t\t\t\t\t<div class=\"elementor-element elementor-element-56b3855 flex-horizontal-align-default flex-horizontal-align-tablet-default flex-horizontal-align-mobile-default flex-vertical-align-default flex-vertical-align-tablet-default flex-vertical-align-mobile-default elementor-invisible elementor-widget elementor-widget-image\" data-id=\"56b3855\" data-element_type=\"widget\" data-e-type=\"widget\" data-settings=\"{&quot;_animation&quot;:&quot;fadeInUp&quot;,&quot;_animation_delay&quot;:200}\" data-widget_type=\"image.default\">\n\t\t\t\t<div class=\"elementor-widget-container\">\n\t\t\t\t\t\t\t\t\t\t\t\t\t\t\t<img width=\"600\" height=\"264\" src=\"https:\/\/www.giorgiomontaldo.com\/wp-content\/uploads\/2024\/01\/Luiss-School-logo-1.png\" class=\"attachment-full size-full wp-image-3132\" alt=\"\" srcset=\"https:\/\/www.giorgiomontaldo.com\/wp-content\/uploads\/2024\/01\/Luiss-School-logo-1.png 600w, https:\/\/www.giorgiomontaldo.com\/wp-content\/uploads\/2024\/01\/Luiss-School-logo-1-300x132.png 300w\" sizes=\"(max-width: 600px) 100vw, 600px\" \/>\t\t\t\t\t\t\t\t\t\t\t\t\t\t\t<\/div>\n\t\t\t\t<\/div>\n\t\t\t\t<div class=\"elementor-element elementor-element-2c04d4b flex-horizontal-align-default flex-horizontal-align-tablet-default flex-horizontal-align-mobile-default flex-vertical-align-default flex-vertical-align-tablet-default flex-vertical-align-mobile-default elementor-widget elementor-widget-heading\" data-id=\"2c04d4b\" data-element_type=\"widget\" data-e-type=\"widget\" data-widget_type=\"heading.default\">\n\t\t\t\t<div class=\"elementor-widget-container\">\n\t\t\t\t\t<div class=\"title-h6 light elementor-heading-title elementor-size-default\">Program dla kadry kierowniczej \"Zarz\u0105dzanie sztuczn\u0105 inteligencj\u0105\" w szkole biznesu LUISS (Rzym, W\u0142ochy)<\/div>\t\t\t\t<\/div>\n\t\t\t\t<\/div>\n\t\t\t\t\t<\/div>\n\t\t<\/div>\n\t\t\t\t\t<\/div><\/div>\r\n\t\t<\/section>\r\n\t\t\t\t<div class=\"elementor-element elementor-element-cb0b5c6 flex-horizontal-align-default flex-horizontal-align-tablet-default flex-horizontal-align-mobile-default flex-vertical-align-default flex-vertical-align-tablet-default flex-vertical-align-mobile-default elementor-widget elementor-widget-heading\" data-id=\"cb0b5c6\" data-element_type=\"widget\" data-e-type=\"widget\" data-widget_type=\"heading.default\">\n\t\t\t\t<div class=\"elementor-widget-container\">\n\t\t\t\t\t<div class=\"title-h2 elementor-heading-title elementor-size-default\">KLIENCI M\u00d3WI\u0104<\/div>\t\t\t\t<\/div>\n\t\t\t\t<\/div>\n\t\t\t\t<div class=\"elementor-element elementor-element-2a9f86a flex-horizontal-align-default flex-horizontal-align-tablet-default flex-horizontal-align-mobile-default flex-vertical-align-default flex-vertical-align-tablet-default flex-vertical-align-mobile-default elementor-widget elementor-widget-thegem-testimonials\" data-id=\"2a9f86a\" data-element_type=\"widget\" data-e-type=\"widget\" data-settings=\"{&quot;content_testimonials_cat&quot;:[&quot;testimonials&quot;],&quot;skin_source&quot;:&quot;default&quot;,&quot;thegem_elementor_preset&quot;:&quot;style1&quot;,&quot;content_elems_img&quot;:&quot;yes&quot;,&quot;content_elems_name&quot;:&quot;yes&quot;,&quot;content_elems_position&quot;:&quot;yes&quot;,&quot;content_elems_company&quot;:&quot;yes&quot;,&quot;content_elems_quote&quot;:&quot;yes&quot;}\" data-widget_type=\"thegem-testimonials.default\">\n\t\t\t\t<div class=\"elementor-widget-container\">\n\t\t\t\t\t\n\t\t\t<div class=\"preloader\">\n\t\t\t\t<div class=\"preloader-spin\"><\/div>\n\t\t\t<\/div>\n\t\t\t\n\t\t\t<div class=\"style1 gem-testimonials\n\t\t\tfullwidth-block\t\t\t\"\n\t\t\t >\n\t\t\t\n\t\t\t\t\t\t\t<style>.gem-testimonials-navigation{display: block;}<\/style>\n\t\t\t\n\t\t\t\t\n<div id=\"post-287\" class=\"gem-testimonial-item post-287 thegem_testimonial type-thegem_testimonial status-publish has-post-thumbnail\">\n\t\t\t<div class=\"gem-testimonial-wrapper  \">\n\n\t\t\t\t\t\t\t<div class=\"gem-testimonial-image\">\n\t\t\t\t\t<span>\n\t\t\t\t\t\t<img width=\"300\" height=\"266\" src=\"https:\/\/www.giorgiomontaldo.com\/wp-content\/uploads\/2019\/07\/logo-eurodisplay-1.png\" class=\"img-responsive img-circle wp-post-image\" alt=\"\" srcset=\"https:\/\/www.giorgiomontaldo.com\/wp-content\/uploads\/2019\/07\/logo-eurodisplay-1.png 2x\" sizes=\"100vw\" \/>\t\t\t\t\t<\/span>\n\t\t\t\t<\/div>\n\t\t\t\n\t\t\t<div class=\"gem-testimonial-content\">\n\n\t\t\t\t\t\t\t<div class=\"gem-testimonial-name title-h6\">Carmine Aversa<\/div>\t\t\t\n\t\t\t\t\t\t\t<div class=\"gem-testimonial-company\">Euro Display srl - Italy<\/div>\t\t\t\n\t\t\t\t\t\t\t<div class=\"gem-testimonial-position\">CEO and Founder<\/div>\t\t\t\n\t\t\t\t<div class=\"gem-testimonial-text\">\n\t\t\t\t\t<p>Working with Giorgio was pleasant and productive. He implemented the best digital strategies for us to improve the visibility of our products, after explaining them to us, doubling the conversion rate (lead generation) for traffic originating from the audience of major international markets through organic traffic and PPC campaigns.<\/p>\n\t\t\t\t<\/div>\n\t\t\t<\/div>\n\t<\/div>\n\n\t<\/div>\n\t\t\t\t\t\t\t\t\t<div class=\"testimonials_svg\"><svg width=\"100\" height=\"50\"><path d=\"M 0,-1 Q 45,5 50,50 Q 55,5 100,-1\" \/><\/svg><\/div>\n\t\t\t\t\n\t\t\t<\/div>\n\n\t\t\t \n\n\n\n\t\t\t\t\t\t<\/div>\n\t\t\t\t<\/div>\n\t\t\t\t\t<\/div>\n\t\t<\/div>\n\t\t\t\t\t<\/div><\/div>\r\n\t\t<\/section>\r\n\t\t\t\t<section class=\"elementor-section elementor-top-section elementor-element elementor-element-16767d9 elementor-section-boxed elementor-section-height-default elementor-section-height-default\" data-id=\"16767d9\" data-element_type=\"section\" data-e-type=\"section\" data-settings=\"{&quot;background_background&quot;:&quot;classic&quot;}\">\r\n\t\t\t\t\t\t<div class=\"elementor-container elementor-column-gap-thegem\"><div class=\"elementor-row\">\r\n\t\t\t\t\t<div class=\"elementor-column elementor-col-100 elementor-top-column elementor-element elementor-element-0ff0db9\" data-id=\"0ff0db9\" data-element_type=\"column\" data-e-type=\"column\">\n\t\t\t<div class=\"elementor-widget-wrap elementor-element-populated\">\n\t\t\t\t\t\t<div class=\"elementor-element elementor-element-25cf747 flex-horizontal-align-default flex-horizontal-align-tablet-default flex-horizontal-align-mobile-default flex-vertical-align-default flex-vertical-align-tablet-default flex-vertical-align-mobile-default elementor-widget elementor-widget-thegem-styledbutton\" data-id=\"25cf747\" data-element_type=\"widget\" data-e-type=\"widget\" data-settings=\"{&quot;thegem_button_skin&quot;:&quot;outline&quot;}\" data-widget_type=\"thegem-styledbutton.default\">\n\t\t\t\t<div class=\"elementor-widget-container\">\n\t\t\t\t\t\n<div class=\"gem-button-container gem-widget-button\">\n\n\t\t<a class=\"gem-button gem-button-size-giant gem-button-text-weight-bold gem-button-style-outline gem-button-border-6\" href=\"https:\/\/www.giorgiomontaldo.com\/pl\/contact-me\/\">\n\t\t<span class=\"gem-inner-wrapper-btn\">\n\t\t\t\t\t\t<span class=\"gem-text-button\">\n\t\t\t\tZAREZERWUJ BEZP\u0141ATN\u0104 KONSULTACJ\u0118\t\t\t<\/span>\n\t\t<\/span>\n\t<\/a>\n\n\t\n<\/div>\t\t\t\t<\/div>\n\t\t\t\t<\/div>\n\t\t\t\t\t<\/div>\n\t\t<\/div>\n\t\t\t\t\t<\/div><\/div>\r\n\t\t<\/section>\r\n\t\t\t\t<\/div>\n\t\t","protected":false},"excerpt":{"rendered":"<p>MOJE do\u015bwiadczenie M\u00f3j pierwszy kontakt z Internetem mia\u0142 miejsce w 1994 roku &#8211; zanim jeszcze istnia\u0142o Google. Zafascynowany technologi\u0105 stoj\u0105c\u0105&#8230;<\/p>\n","protected":false},"author":1,"featured_media":0,"parent":0,"menu_order":0,"comment_status":"closed","ping_status":"closed","template":"page-fullwidth.php","meta":{"footnotes":""},"class_list":["post-3124","page","type-page","status-publish"],"_links":{"self":[{"href":"https:\/\/www.giorgiomontaldo.com\/pl\/wp-json\/wp\/v2\/pages\/3124","targetHints":{"allow":["GET"]}}],"collection":[{"href":"https:\/\/www.giorgiomontaldo.com\/pl\/wp-json\/wp\/v2\/pages"}],"about":[{"href":"https:\/\/www.giorgiomontaldo.com\/pl\/wp-json\/wp\/v2\/types\/page"}],"author":[{"embeddable":true,"href":"https:\/\/www.giorgiomontaldo.com\/pl\/wp-json\/wp\/v2\/users\/1"}],"replies":[{"embeddable":true,"href":"https:\/\/www.giorgiomontaldo.com\/pl\/wp-json\/wp\/v2\/comments?post=3124"}],"version-history":[{"count":4,"href":"https:\/\/www.giorgiomontaldo.com\/pl\/wp-json\/wp\/v2\/pages\/3124\/revisions"}],"predecessor-version":[{"id":3182,"href":"https:\/\/www.giorgiomontaldo.com\/pl\/wp-json\/wp\/v2\/pages\/3124\/revisions\/3182"}],"wp:attachment":[{"href":"https:\/\/www.giorgiomontaldo.com\/pl\/wp-json\/wp\/v2\/media?parent=3124"}],"curies":[{"name":"wp","href":"https:\/\/api.w.org\/{rel}","templated":true}]}}