{"id":3117,"date":"2024-01-26T11:47:59","date_gmt":"2024-01-26T11:47:59","guid":{"rendered":"https:\/\/www.giorgiomontaldo.com\/disclaimer\/"},"modified":"2026-05-08T10:39:04","modified_gmt":"2026-05-08T10:39:04","slug":"disclaimer","status":"publish","type":"page","link":"https:\/\/www.giorgiomontaldo.com\/pl\/disclaimer\/","title":{"rendered":"Zastrze\u017cenie"},"content":{"rendered":"\t\t<div data-elementor-type=\"wp-page\" data-elementor-id=\"3117\" class=\"elementor elementor-3117 elementor-1501\" data-elementor-post-type=\"page\">\n\t\t\t\t\t\t<section class=\"elementor-section elementor-top-section elementor-element elementor-element-4b748316 elementor-section-boxed elementor-section-height-default elementor-section-height-default\" data-id=\"4b748316\" data-element_type=\"section\" data-e-type=\"section\">\r\n\t\t\t\t\t\t<div class=\"elementor-container elementor-column-gap-thegem\"><div class=\"elementor-row\">\r\n\t\t\t\t\t<div class=\"elementor-column elementor-col-100 elementor-top-column elementor-element elementor-element-1835f6ae\" data-id=\"1835f6ae\" data-element_type=\"column\" data-e-type=\"column\">\n\t\t\t<div class=\"elementor-widget-wrap elementor-element-populated\">\n\t\t\t\t\t\t<div class=\"elementor-element elementor-element-2ae27b8d flex-horizontal-align-default flex-horizontal-align-tablet-default flex-horizontal-align-mobile-default flex-vertical-align-default flex-vertical-align-tablet-default flex-vertical-align-mobile-default elementor-widget elementor-widget-text-editor\" data-id=\"2ae27b8d\" data-element_type=\"widget\" data-e-type=\"widget\" data-widget_type=\"text-editor.default\">\n\t\t\t\t<div class=\"elementor-widget-container\">\n\t\t\t\t\t\t\t\t\t\t\t\t<div class=\"elementor-text-editor elementor-clearfix\">\r\n\t\t\t\t\t\t\n<p><strong class=\"privacy-policy-tutorial\">Ostatnia aktualizacja: <\/strong>28\/2\/2024<\/p>\n\n<h2>OG\u00d3LNE WY\u0141\u0104CZENIE ODPOWIEDZIALNO\u015aCI<\/h2>\n\n<p>Informacje dostarczane przez Giorgio Montaldo (&#8222;ja&#8221;, &#8222;mnie&#8221; lub &#8222;m\u00f3j&#8221;) na stronie www.giorgiomontaldo.com (&#8222;Strona&#8221;) s\u0142u\u017c\u0105 wy\u0142\u0105cznie do og\u00f3lnych cel\u00f3w informacyjnych. Wszystkie informacje w Witrynie s\u0105 dostarczane w dobrej wierze, jednak nie sk\u0142adam \u017cadnych o\u015bwiadcze\u0144 ani gwarancji jakiegokolwiek rodzaju, wyra\u017anych lub dorozumianych, dotycz\u0105cych dok\u0142adno\u015bci, adekwatno\u015bci, wa\u017cno\u015bci, wiarygodno\u015bci, dost\u0119pno\u015bci lub kompletno\u015bci jakichkolwiek informacji w Witrynie. <\/p>\n\n<h2>PROFESJONALNE WY\u0141\u0104CZENIE ODPOWIEDZIALNO\u015aCI<\/h2>\n\n<p>Witryna oferuje us\u0142ugi doradcze i jest przeznaczona wy\u0142\u0105cznie do cel\u00f3w informacyjnych. Dostarczone informacje nie zast\u0119puj\u0105 profesjonalnej porady. W zwi\u0105zku z tym, przed podj\u0119ciem jakichkolwiek dzia\u0142a\u0144 w oparciu o takie informacje, zach\u0119cam do skonsultowania si\u0119 z odpowiednimi specjalistami. Korzystanie lub poleganie na jakichkolwiek informacjach zawartych na tej stronie odbywa si\u0119 wy\u0142\u0105cznie na w\u0142asne ryzyko u\u017cytkownika.   <\/p>\n\n<h2>ZASTRZE\u017bENIE DOTYCZ\u0104CE LINK\u00d3W ZEWN\u0118TRZNYCH<\/h2>\n\n<p>Witryna mo\u017ce zawiera\u0107 (lub u\u017cytkownik mo\u017ce zosta\u0107 wys\u0142any za po\u015brednictwem Witryny) \u0142\u0105cza do innych witryn internetowych lub tre\u015bci nale\u017c\u0105cych do lub pochodz\u0105cych od os\u00f3b trzecich lub \u0142\u0105cza do witryn internetowych i funkcji w banerach lub innych reklamach. Takie \u0142\u0105cza zewn\u0119trzne nie s\u0105 przeze mnie badane, monitorowane ani regularnie sprawdzane pod k\u0105tem dok\u0142adno\u015bci, adekwatno\u015bci, wa\u017cno\u015bci, niezawodno\u015bci, dost\u0119pno\u015bci lub kompletno\u015bci. <\/p>\n\n<h2>WY\u0141\u0104CZENIE ODPOWIEDZIALNO\u015aCI ZA B\u0141\u0118DY I POMINI\u0118CIA<\/h2>\n\n<p>Nie ponosz\u0119 odpowiedzialno\u015bci za jakiekolwiek b\u0142\u0119dy lub pomini\u0119cia, ani za wyniki uzyskane w wyniku korzystania z tych informacji. Wszystkie informacje w Witrynie s\u0105 dostarczane &#8222;w stanie, w jakim si\u0119 znajduj\u0105&#8221;, bez gwarancji kompletno\u015bci, dok\u0142adno\u015bci, aktualno\u015bci lub wynik\u00f3w uzyskanych w wyniku korzystania z tych informacji i bez jakiejkolwiek gwarancji, wyra\u017anej lub dorozumianej. <\/p>\n\n<h2>SKONTAKTUJ SI\u0118 ZE MN\u0104<\/h2>\n\n<p>W przypadku jakichkolwiek pyta\u0144 dotycz\u0105cych niniejszego Zastrze\u017cenia, prosz\u0119 <a href=\"https:\/\/www.giorgiomontaldo.com\/contact-me\/\">o kontakt.<\/a><\/p>\n\t\t\t\t\t\t\t<\/div>\r\n\t\t\t\t\t\t\t\t\t\t<\/div>\n\t\t\t\t<\/div>\n\t\t\t\t\t<\/div>\n\t\t<\/div>\n\t\t\t\t\t<\/div><\/div>\r\n\t\t<\/section>\r\n\t\t\t\t<\/div>\n\t\t","protected":false},"excerpt":{"rendered":"<p>Ostatnia aktualizacja: 28\/2\/2024 OG\u00d3LNE WY\u0141\u0104CZENIE ODPOWIEDZIALNO\u015aCI Informacje dostarczane przez Giorgio Montaldo (&#8222;ja&#8221;, &#8222;mnie&#8221; lub &#8222;m\u00f3j&#8221;) na stronie www.giorgiomontaldo.com (&#8222;Strona&#8221;) s\u0142u\u017c\u0105&#8230;<\/p>\n","protected":false},"author":1,"featured_media":0,"parent":0,"menu_order":0,"comment_status":"closed","ping_status":"closed","template":"","meta":{"footnotes":""},"class_list":["post-3117","page","type-page","status-publish"],"_links":{"self":[{"href":"https:\/\/www.giorgiomontaldo.com\/pl\/wp-json\/wp\/v2\/pages\/3117","targetHints":{"allow":["GET"]}}],"collection":[{"href":"https:\/\/www.giorgiomontaldo.com\/pl\/wp-json\/wp\/v2\/pages"}],"about":[{"href":"https:\/\/www.giorgiomontaldo.com\/pl\/wp-json\/wp\/v2\/types\/page"}],"author":[{"embeddable":true,"href":"https:\/\/www.giorgiomontaldo.com\/pl\/wp-json\/wp\/v2\/users\/1"}],"replies":[{"embeddable":true,"href":"https:\/\/www.giorgiomontaldo.com\/pl\/wp-json\/wp\/v2\/comments?post=3117"}],"version-history":[{"count":4,"href":"https:\/\/www.giorgiomontaldo.com\/pl\/wp-json\/wp\/v2\/pages\/3117\/revisions"}],"predecessor-version":[{"id":3123,"href":"https:\/\/www.giorgiomontaldo.com\/pl\/wp-json\/wp\/v2\/pages\/3117\/revisions\/3123"}],"wp:attachment":[{"href":"https:\/\/www.giorgiomontaldo.com\/pl\/wp-json\/wp\/v2\/media?parent=3117"}],"curies":[{"name":"wp","href":"https:\/\/api.w.org\/{rel}","templated":true}]}}