{"id":3101,"date":"2023-06-08T14:41:51","date_gmt":"2023-06-08T14:41:51","guid":{"rendered":"https:\/\/www.giorgiomontaldo.com\/privacy-policy\/"},"modified":"2026-05-08T10:39:03","modified_gmt":"2026-05-08T10:39:03","slug":"privacy-policy","status":"publish","type":"page","link":"https:\/\/www.giorgiomontaldo.com\/pl\/privacy-policy\/","title":{"rendered":"Polityka prywatno\u015bci"},"content":{"rendered":"\t\t<div data-elementor-type=\"wp-page\" data-elementor-id=\"3101\" class=\"elementor elementor-3101 elementor-3\" data-elementor-post-type=\"page\">\n\t\t\t\t\t\t<section class=\"elementor-section elementor-top-section elementor-element elementor-element-4b748316 elementor-section-boxed elementor-section-height-default elementor-section-height-default\" data-id=\"4b748316\" data-element_type=\"section\" data-e-type=\"section\">\r\n\t\t\t\t\t\t<div class=\"elementor-container elementor-column-gap-thegem\"><div class=\"elementor-row\">\r\n\t\t\t\t\t<div class=\"elementor-column elementor-col-100 elementor-top-column elementor-element elementor-element-1835f6ae\" data-id=\"1835f6ae\" data-element_type=\"column\" data-e-type=\"column\">\n\t\t\t<div class=\"elementor-widget-wrap elementor-element-populated\">\n\t\t\t\t\t\t<div class=\"elementor-element elementor-element-2ae27b8d flex-horizontal-align-default flex-horizontal-align-tablet-default flex-horizontal-align-mobile-default flex-vertical-align-default flex-vertical-align-tablet-default flex-vertical-align-mobile-default elementor-widget elementor-widget-text-editor\" data-id=\"2ae27b8d\" data-element_type=\"widget\" data-e-type=\"widget\" data-widget_type=\"text-editor.default\">\n\t\t\t\t<div class=\"elementor-widget-container\">\n\t\t\t\t\t\t\t\t\t\t\t\t<div class=\"elementor-text-editor elementor-clearfix\">\r\n\t\t\t\t\t\t\n<p><strong class=\"privacy-policy-tutorial\">Ostatnia aktualizacja: <\/strong>28\/2\/2024<\/p>\n\n<h2>O MNIE<\/h2>\n\n<p>Ta strona internetowa jest obs\u0142ugiwana przez Webdigit Giorgio Montaldo, firm\u0119 zarejestrowan\u0105 jako podatnik VAT w Polsce, UE, oferuj\u0105c\u0105 us\u0142ugi konsultingowe. Adres mojej strony internetowej: www.giorgiomontaldo.com<\/p>\n\n<p>Zanonimizowany ci\u0105g znak\u00f3w utworzony z adresu e-mail u\u017cytkownika (zwany r\u00f3wnie\u017c skr\u00f3tem) mo\u017ce zosta\u0107 przekazany do us\u0142ugi Gravatar w celu sprawdzenia, czy u\u017cytkownik z niej korzysta. Polityka prywatno\u015bci us\u0142ugi Gravatar jest dost\u0119pna tutaj: https:\/\/automattic.com\/privacy\/. Po zatwierdzeniu komentarza zdj\u0119cie profilowe jest widoczne publicznie w kontek\u015bcie komentarza.<\/p>\n\n<h2>JAKIE DANE ZBIERAM I DLACZEGO<\/h2>\n\n<p>Gdy odwiedzaj\u0105cy korzystaj\u0105 z formularza kontaktowego na mojej stronie, zbieram dane wskazane w formularzu, przede wszystkim w celu udzielenia odpowiedzi na zapytania i \u015bwiadczenia us\u0142ug konsultacyjnych. Dane te mog\u0105 obejmowa\u0107 imi\u0119 i nazwisko, adres e-mail i wszelkie inne informacje, kt\u00f3re u\u017cytkownik zdecyduje si\u0119 poda\u0107.<\/p>\n\n<h2>JAK WYKORZYSTUJ\u0118 DANE U\u017bYTKOWNIKA<\/h2>\n\n<p>Dane u\u017cytkownika s\u0105 wykorzystywane do nast\u0119puj\u0105cych cel\u00f3w:<\/p>\n<ul>\n<li>Odpowiadanie na zapytania i pro\u015bby u\u017cytkownik\u00f3w.<\/li>\n<li>Ulepszanie naszej strony internetowej i us\u0142ug.<\/li>\n<li>Zgodno\u015b\u0107 ze zobowi\u0105zaniami prawnymi.<\/li>\n<\/ul>\n\n<h2>JAK PRZECHOWUJ\u0118 I ZABEZPIECZAM DANE U\u017bYTKOWNIK\u00d3W<\/h2>\n\n<p>Powa\u017cnie traktuj\u0119 bezpiecze\u0144stwo Twoich danych. Wdra\u017cam r\u00f3\u017cne \u015brodki bezpiecze\u0144stwa w celu zapewnienia bezpiecze\u0144stwa danych osobowych u\u017cytkownik\u00f3w. Jednak \u017cadna metoda transmisji przez Internet lub metoda elektronicznego przechowywania danych nie jest w 100% bezpieczna.<\/p>\n\n<h2>PRAWA U\u017bYTKOWNIKA W ZAKRESIE OCHRONY DANYCH ZGODNIE Z RODO<\/h2>\n\n<p>Je\u015bli u\u017cytkownik jest rezydentem Unii Europejskiej, przys\u0142uguj\u0105 mu pewne prawa do ochrony danych. Obejmuj\u0105 one prawo dost\u0119pu, aktualizacji lub usuni\u0119cia informacji, kt\u00f3re posiadam na Tw\u00f3j temat, prawo do sprostowania, prawo do sprzeciwu, prawo do ograniczenia przetwarzania, prawo do przenoszenia danych oraz prawo do wycofania zgody.<\/p>\n\n<h2>LINKI STRON TRZECICH<\/h2>\n\n<p>Moja witryna mo\u017ce zawiera\u0107 \u0142\u0105cza do zewn\u0119trznych witryn, kt\u00f3re nie s\u0105 obs\u0142ugiwane przeze mnie. Nale\u017cy pami\u0119ta\u0107, \u017ce nie mam kontroli nad tre\u015bci\u0105 i praktykami tych witryn i nie mog\u0119 przyj\u0105\u0107 odpowiedzialno\u015bci za ich polityk\u0119 prywatno\u015bci.<\/p>\n\t\t\t\t\t\t\t<\/div>\r\n\t\t\t\t\t\t\t\t\t\t<\/div>\n\t\t\t\t<\/div>\n\t\t\t\t\t<\/div>\n\t\t<\/div>\n\t\t\t\t\t<\/div><\/div>\r\n\t\t<\/section>\r\n\t\t\t\t<\/div>\n\t\t","protected":false},"excerpt":{"rendered":"<p>Ostatnia aktualizacja: 28\/2\/2024 O MNIE Ta strona internetowa jest obs\u0142ugiwana przez Webdigit Giorgio Montaldo, firm\u0119 zarejestrowan\u0105 jako podatnik VAT w&#8230;<\/p>\n","protected":false},"author":1,"featured_media":0,"parent":0,"menu_order":0,"comment_status":"closed","ping_status":"open","template":"","meta":{"footnotes":""},"class_list":["post-3101","page","type-page","status-publish"],"_links":{"self":[{"href":"https:\/\/www.giorgiomontaldo.com\/pl\/wp-json\/wp\/v2\/pages\/3101","targetHints":{"allow":["GET"]}}],"collection":[{"href":"https:\/\/www.giorgiomontaldo.com\/pl\/wp-json\/wp\/v2\/pages"}],"about":[{"href":"https:\/\/www.giorgiomontaldo.com\/pl\/wp-json\/wp\/v2\/types\/page"}],"author":[{"embeddable":true,"href":"https:\/\/www.giorgiomontaldo.com\/pl\/wp-json\/wp\/v2\/users\/1"}],"replies":[{"embeddable":true,"href":"https:\/\/www.giorgiomontaldo.com\/pl\/wp-json\/wp\/v2\/comments?post=3101"}],"version-history":[{"count":10,"href":"https:\/\/www.giorgiomontaldo.com\/pl\/wp-json\/wp\/v2\/pages\/3101\/revisions"}],"predecessor-version":[{"id":3121,"href":"https:\/\/www.giorgiomontaldo.com\/pl\/wp-json\/wp\/v2\/pages\/3101\/revisions\/3121"}],"wp:attachment":[{"href":"https:\/\/www.giorgiomontaldo.com\/pl\/wp-json\/wp\/v2\/media?parent=3101"}],"curies":[{"name":"wp","href":"https:\/\/api.w.org\/{rel}","templated":true}]}}