{"id":3073,"date":"2023-10-13T15:03:18","date_gmt":"2023-10-13T15:03:18","guid":{"rendered":"https:\/\/www.giorgiomontaldo.com\/startup-consulting\/"},"modified":"2026-05-08T19:22:07","modified_gmt":"2026-05-08T19:22:07","slug":"startup-consulting","status":"publish","type":"page","link":"https:\/\/www.giorgiomontaldo.com\/pl\/startup-consulting\/","title":{"rendered":"Startup Consulting"},"content":{"rendered":"\t\t<div data-elementor-type=\"wp-page\" data-elementor-id=\"3073\" class=\"elementor elementor-3073 elementor-1271\" data-elementor-post-type=\"page\">\n\t\t\t\t\t\t<section class=\"elementor-section elementor-top-section elementor-element elementor-element-7ce3523 elementor-section-boxed elementor-section-height-default elementor-section-height-default\" data-id=\"7ce3523\" data-element_type=\"section\" data-e-type=\"section\" data-settings=\"{&quot;background_background&quot;:&quot;classic&quot;,&quot;shape_divider_bottom&quot;:&quot;zigzag&quot;}\">\r\n\t\t\t\t\t<div class=\"elementor-shape elementor-shape-bottom\" data-negative=\"false\">\r\n\t\t\t<svg xmlns=\"http:\/\/www.w3.org\/2000\/svg\" viewBox=\"0 0 1800 5.8\" preserveAspectRatio=\"none\">\n  <path class=\"elementor-shape-fill\" d=\"M5.4.4l5.4 5.3L16.5.4l5.4 5.3L27.5.4 33 5.7 38.6.4l5.5 5.4h.1L49.9.4l5.4 5.3L60.9.4l5.5 5.3L72 .4l5.5 5.3L83.1.4l5.4 5.3L94.1.4l5.5 5.4h.2l5.6-5.4 5.5 5.3 5.6-5.3 5.4 5.3 5.6-5.3 5.5 5.3 5.6-5.3 5.5 5.4h.2l5.6-5.4 5.4 5.3L161 .4l5.4 5.3L172 .4l5.5 5.3 5.6-5.3 5.4 5.3 5.7-5.3 5.4 5.4h.2l5.6-5.4 5.5 5.3 5.6-5.3 5.5 5.3 5.6-5.3 5.4 5.3 5.6-5.3 5.5 5.4h.2l5.6-5.4 5.5 5.3L261 .4l5.4 5.3L272 .4l5.5 5.3 5.6-5.3 5.5 5.3 5.6-5.3 5.5 5.4h.1l5.7-5.4 5.4 5.3 5.6-5.3 5.5 5.3 5.6-5.3 5.4 5.3 5.7-5.3 5.4 5.4h.2l5.6-5.4 5.5 5.3L361 .4l5.5 5.3 5.6-5.3 5.4 5.3 5.6-5.3 5.5 5.3 5.6-5.3 5.5 5.4h.1l5.7-5.4 5.4 5.3 5.6-5.3 5.5 5.3 5.6-5.3 5.5 5.3 5.6-5.3 5.5 5.4h.1l5.6-5.4 5.5 5.3L461 .4l5.5 5.3 5.6-5.3 5.4 5.3 5.7-5.3 5.4 5.3 5.6-5.3 5.5 5.4h.2l5.6-5.4 5.5 5.3 5.6-5.3 5.4 5.3 5.6-5.3 5.5 5.3 5.6-5.3 5.5 5.4h.1L550 .4l5.4 5.3L561 .4l5.5 5.3 5.6-5.3 5.5 5.3 5.6-5.3 5.4 5.3 5.6-5.3 5.5 5.4h.2l5.6-5.4 5.5 5.3 5.6-5.3 5.4 5.3 5.7-5.3 5.4 5.3 5.6-5.3 5.5 5.4h.2L650 .4l5.5 5.3 5.6-5.3 5.4 5.3 5.6-5.3 5.5 5.3 5.6-5.3 5.5 5.3 5.6-5.3 5.4 5.4h.2l5.6-5.4 5.5 5.3 5.6-5.3 5.5 5.3 5.6-5.3 5.4 5.3 5.6-5.3 5.5 5.4h.2L750 .4l5.5 5.3 5.6-5.3 5.4 5.3 5.7-5.3 5.4 5.3 5.6-5.3 5.5 5.3 5.6-5.3 5.5 5.4h.1l5.7-5.4 5.4 5.3 5.6-5.3 5.5 5.3 5.6-5.3 5.5 5.3 5.6-5.3 5.4 5.4h.2L850 .4l5.5 5.3 5.6-5.3 5.5 5.3 5.6-5.3 5.4 5.3 5.6-5.3 5.5 5.3 5.6-5.3 5.5 5.4h.2l5.6-5.4 5.4 5.3 5.7-5.3 5.4 5.3 5.6-5.3 5.5 5.3 5.6-5.3 5.5 5.4h.1l5.7-5.4 5.4 5.3 5.6-5.3 5.5 5.3 5.6-5.3 5.5 5.3 5.6-5.3 5.4 5.3 5.6-5.3 5.5 5.4h.2l5.6-5.4 5.5 5.3 5.6-5.3 5.4 5.3 5.6-5.3 5.5 5.3 5.6-5.3 5.5 5.4h.2l5.6-5.4 5.4 5.3 5.7-5.3 5.4 5.3 5.6-5.3 5.5 5.3 5.6-5.3 5.5 5.3 5.6-5.3 5.4 5.4h.2l5.6-5.4 5.5 5.3 5.6-5.3 5.5 5.3 5.6-5.3 5.4 5.3 5.6-5.3 5.5 5.4h.2l5.6-5.4 5.5 5.3 5.6-5.3 5.4 5.3 5.6-5.3 5.5 5.3 5.6-5.3 5.5 5.3 5.6-5.3 5.5 5.4h.1l5.7-5.4 5.4 5.3 5.6-5.3 5.5 5.3 5.6-5.3 5.5 5.3 5.6-5.3 5.4 5.4h.2l5.6-5.4 5.5 5.3 5.6-5.3 5.5 5.3 5.6-5.3 5.4 5.3 5.6-5.3 5.5 5.3 5.6-5.3 5.5 5.4h.2l5.6-5.4 5.4 5.3 5.6-5.3 5.5 5.3 5.6-5.3 5.5 5.3 5.6-5.3 5.5 5.4h.1l5.7-5.4 5.4 5.3 5.6-5.3 5.5 5.3 5.6-5.3 5.5 5.3 5.6-5.3 5.4 5.3 5.6-5.3 5.5 5.4h.2l5.6-5.4 5.5 5.3 5.6-5.3 5.4 5.3 5.6-5.3 5.5 5.3 5.6-5.3 5.5 5.4h.2l5.6-5.4 5.4 5.3 5.6-5.3 5.5 5.3 5.6-5.3 5.5 5.3 5.6-5.3 5.4 5.3 5.7-5.3 5.4 5.4h.2l5.6-5.4 5.5 5.3 5.6-5.3 5.5 5.3 5.6-5.3 5.4 5.3 5.6-5.3 5.5 5.4h.2l5.6-5.4 5.5 5.3 5.6-5.3 5.4 5.3 5.6-5.3 5.5 5.3 5.6-5.3 5.5 5.3 5.6-5.3 5.5 5.4h.1l5.6-5.4 5.5 5.3 5.6-5.3 5.5 5.3 5.6-5.3 5.4 5.3 5.7-5.3 5.4 5.4h.2l5.6-5.4 5.5 5.3 5.6-5.3 5.5 5.3 5.6-5.3 5.4 5.3 5.6-5.3 5.5 5.3 5.6-5.3 5.5 5.4h.1l5.7-5.4 5.4 5.3 5.6-5.3 5.5 5.3 5.6-5.3 5.5 5.3 5.6-5.3 5.5 5.4h.1l5.6-5.4 5.5 5.3 5.6-5.3 5.5 5.3 5.6-5.3 5.4 5.3 5.7-5.3 5.4 5.3 5.6-5.3 5.5 5.4V0H-.2v5.8z\"\/>\n<\/svg>\n\t\t<\/div>\r\n\t\t\t\t\t<div class=\"elementor-container elementor-column-gap-thegem\"><div class=\"elementor-row\">\r\n\t\t\t\t\t<div class=\"elementor-column elementor-col-100 elementor-top-column elementor-element elementor-element-dd0bea9\" data-id=\"dd0bea9\" data-element_type=\"column\" data-e-type=\"column\">\n\t\t\t<div class=\"elementor-widget-wrap elementor-element-populated\">\n\t\t\t\t\t\t<div class=\"elementor-element elementor-element-bab905e flex-horizontal-align-default flex-horizontal-align-tablet-default flex-horizontal-align-mobile-default flex-vertical-align-default flex-vertical-align-tablet-default flex-vertical-align-mobile-default elementor-widget elementor-widget-heading\" data-id=\"bab905e\" data-element_type=\"widget\" data-e-type=\"widget\" data-widget_type=\"heading.default\">\n\t\t\t\t<div class=\"elementor-widget-container\">\n\t\t\t\t\t<div class=\"title-h1 elementor-heading-title elementor-size-default\">MAPA DROGOWA STARTUPU: SKUP SI\u0118 NA SUKCESIE<\/div>\t\t\t\t<\/div>\n\t\t\t\t<\/div>\n\t\t\t\t<div class=\"elementor-element elementor-element-8a5b0b1 elementor-widget__width-initial flex-horizontal-align-default flex-horizontal-align-tablet-default flex-horizontal-align-mobile-default flex-vertical-align-default flex-vertical-align-tablet-default flex-vertical-align-mobile-default elementor-widget elementor-widget-text-editor\" data-id=\"8a5b0b1\" data-element_type=\"widget\" data-e-type=\"widget\" data-widget_type=\"text-editor.default\">\n\t\t\t\t<div class=\"elementor-widget-container\">\n\t\t\t\t\t\t\t\t\t\t\t\t<div class=\"elementor-text-editor elementor-clearfix\">\r\n\t\t\t\t\t\t<p class=\"styled-subtitle\">Wsp\u00f3lna mapa drogowa dla strategii startupu zazwyczaj obejmuje zdefiniowanie jego <strong>wizji i misji<\/strong>, przeprowadzenie dok\u0142adnej analizy rynku docelowego, sformu\u0142owanie strategii rozwoju produktu lub us\u0142ugi startupu, nakre\u015blenie plan\u00f3w marketingowych i sprzeda\u017cowych, ustanowienie ram dla codziennego zarz\u0105dzania operacjami, prognozowanie wynik\u00f3w finansowych oraz identyfikacj\u0119 kluczowych wska\u017anik\u00f3w wydajno\u015bci (KPI) w celu monitorowania post\u0119p\u00f3w i oceny sukcesu.<\/p><p class=\"styled-subtitle\">Ch\u0119tnie udziel\u0119 wsparcia w nast\u0119puj\u0105cych obszarach:<\/p>\t\t\t\t\t\t\t<\/div>\r\n\t\t\t\t\t\t\t\t\t\t<\/div>\n\t\t\t\t<\/div>\n\t\t\t\t<section class=\"elementor-section elementor-inner-section elementor-element elementor-element-021dce2 elementor-section-boxed elementor-section-height-default elementor-section-height-default\" data-id=\"021dce2\" data-element_type=\"section\" data-e-type=\"section\">\r\n\t\t\t\t\t\t<div class=\"elementor-container elementor-column-gap-no\"><div class=\"elementor-row\">\r\n\t\t\t\t\t<div class=\"elementor-column elementor-col-33 elementor-inner-column elementor-element elementor-element-c2205d5\" data-id=\"c2205d5\" data-element_type=\"column\" data-e-type=\"column\">\n\t\t\t<div class=\"elementor-widget-wrap elementor-element-populated\">\n\t\t\t\t\t\t<div class=\"elementor-element elementor-element-ca808bc flex-horizontal-align-default flex-horizontal-align-tablet-default flex-horizontal-align-mobile-default flex-vertical-align-default flex-vertical-align-tablet-default flex-vertical-align-mobile-default elementor-widget elementor-widget-thegem-pricing-table\" data-id=\"ca808bc\" data-element_type=\"widget\" data-e-type=\"widget\" data-settings=\"{&quot;thegem_elementor_preset&quot;:&quot;6&quot;,&quot;content_header_title&quot;:&quot;BADANIA RYNKU I WALIDACJA&quot;,&quot;content_header_show&quot;:&quot;yes&quot;,&quot;content_pricing_show&quot;:&quot;yes&quot;,&quot;content_features_show&quot;:&quot;yes&quot;}\" data-widget_type=\"thegem-pricing-table.default\">\n\t\t\t\t<div class=\"elementor-widget-container\">\n\t\t\t\t\t\t<div class=\"pricing-table pricing-table-style-6 button-icon-default\">\n\t\t<div class=\"pricing-column-wrapper\">\n\n\n\t\t\t<div class=\"pricing-column\">\t\n\t\t\t\t\t\t\t\t\t\t<div class=\"pricing-price-wrapper pricing-align-left\">\n\t\t\t\t\t\n\t\t\t\t\t\t\t\t\t\t\t\t<div class=\"pricing-price\">\n\t\t\t\t\t\t\t\t\t\t\t\t\t<div class=\"pricing-cost\">KROK 1<\/div>\t\t\t\t\t\t\t\t\t\t\t\t\t\t\t\t\t\t<\/div>\n\t\t\t\t\t\t\n\t\t\t\t\t\t\n\t\t\t\t\t\t\t\t\t\t<\/div>\n\t\t\t\t\t\t\t\t\t\n\n\t\t\t\t\t\t\t\t<div class=\"pricing-price-row \">\n\t\t\t\t\t<div class=\"pricing-price-title-wrapper\">\n\t\t\t\t\t\t\t\t\t\t\t\t\t<div class=\"pricing-price-title header-align-left\"><span >BADANIA RYNKU I WALIDACJA<\/span><\/div>\t\t\t\t\t\t\t\t\t\t\t\t\t\t\t\t\t<\/div>\n\t\t\t\t\t\t\t\t<\/div>\n\n\t\t\t\t\t\t\t\t\t<div>\n\t\t\t\t\t\t\t\t\t\t\t\t\t\t<figure class=\"pricing-row features-align-left\">\n\t\t\t\t\t\t<i aria-hidden=\"true\" class=\"gem-elegant icon-box-checked\"><\/i>\t\t\t\t\t\t<span >\n\t\t\t\t\t\t\tIdentyfikacja rynku docelowego\t\t\t\t\t\t<\/span>\n\t\t\t\t\t<\/figure>\n\t\t\t\t\t\t\t\t\t\t\t\t\t\t\t\t\t\t\t<figure class=\"pricing-row features-align-left\">\n\t\t\t\t\t\t<i aria-hidden=\"true\" class=\"gem-elegant icon-box-checked\"><\/i>\t\t\t\t\t\t<span >\n\t\t\t\t\t\t\tAnaliza konkurencji na rynku\t\t\t\t\t\t<\/span>\n\t\t\t\t\t<\/figure>\n\t\t\t\t\t\t\t\t\t\t\t\t\t\t\t\t\t\t\t<figure class=\"pricing-row features-align-left\">\n\t\t\t\t\t\t<i aria-hidden=\"true\" class=\"gem-elegant icon-box-checked\"><\/i>\t\t\t\t\t\t<span >\n\t\t\t\t\t\t\tBycie na bie\u017c\u0105co z trendami w bran\u017cy\t\t\t\t\t\t<\/span>\n\t\t\t\t\t<\/figure>\n\t\t\t\t\t\t\t\t\t\t\t\t\t\t\t\t\t\t\t<figure class=\"pricing-row features-align-left\">\n\t\t\t\t\t\t<i aria-hidden=\"true\" class=\"gem-elegant icon-box-checked\"><\/i>\t\t\t\t\t\t<span >\n\t\t\t\t\t\t\tOpracowanie MVP (Minimum Viable Product)\t\t\t\t\t\t<\/span>\n\t\t\t\t\t<\/figure>\n\t\t\t\t\t\t\t\t\t\t\t\t\t\t\t\t\t\t\t<figure class=\"pricing-row features-align-left\">\n\t\t\t\t\t\t<i aria-hidden=\"true\" class=\"gem-elegant icon-box-checked\"><\/i>\t\t\t\t\t\t<span >\n\t\t\t\t\t\t\tZbieranie opinii od potencjalnych klient\u00f3w\t\t\t\t\t\t<\/span>\n\t\t\t\t\t<\/figure>\n\t\t\t\t\t\t\t\t\t\t\t\t\t<\/div>\n\t\t\t\t\n\t\t\t\t\t\t\t<\/div>\n\t\t<\/div>\n\n\t<\/div>\t\t\t\t<\/div>\n\t\t\t\t<\/div>\n\t\t\t\t\t<\/div>\n\t\t<\/div>\n\t\t\t\t<div class=\"elementor-column elementor-col-33 elementor-inner-column elementor-element elementor-element-9971a14\" data-id=\"9971a14\" data-element_type=\"column\" data-e-type=\"column\">\n\t\t\t<div class=\"elementor-widget-wrap elementor-element-populated\">\n\t\t\t\t\t\t<div class=\"elementor-element elementor-element-dbe061a flex-horizontal-align-default flex-horizontal-align-tablet-default flex-horizontal-align-mobile-default flex-vertical-align-default flex-vertical-align-tablet-default flex-vertical-align-mobile-default elementor-widget elementor-widget-thegem-pricing-table\" data-id=\"dbe061a\" data-element_type=\"widget\" data-e-type=\"widget\" data-settings=\"{&quot;thegem_elementor_preset&quot;:&quot;6&quot;,&quot;content_header_title&quot;:&quot;PLANOWANIE I STRATEGIA BIZNESOWA&quot;,&quot;content_header_show&quot;:&quot;yes&quot;,&quot;content_pricing_show&quot;:&quot;yes&quot;,&quot;content_features_show&quot;:&quot;yes&quot;}\" data-widget_type=\"thegem-pricing-table.default\">\n\t\t\t\t<div class=\"elementor-widget-container\">\n\t\t\t\t\t\t<div class=\"pricing-table pricing-table-style-6 button-icon-default\">\n\t\t<div class=\"pricing-column-wrapper\">\n\n\n\t\t\t<div class=\"pricing-column\">\t\n\t\t\t\t\t\t\t\t\t\t<div class=\"pricing-price-wrapper pricing-align-left\">\n\t\t\t\t\t\n\t\t\t\t\t\t\t\t\t\t\t\t<div class=\"pricing-price\">\n\t\t\t\t\t\t\t\t\t\t\t\t\t<div class=\"pricing-cost\">KROK 2<\/div>\t\t\t\t\t\t\t\t\t\t\t\t\t\t\t\t\t\t<\/div>\n\t\t\t\t\t\t\n\t\t\t\t\t\t\n\t\t\t\t\t\t\t\t\t\t<\/div>\n\t\t\t\t\t\t\t\t\t\n\n\t\t\t\t\t\t\t\t<div class=\"pricing-price-row \">\n\t\t\t\t\t<div class=\"pricing-price-title-wrapper\">\n\t\t\t\t\t\t\t\t\t\t\t\t\t<div class=\"pricing-price-title header-align-left\"><span >PLANOWANIE I STRATEGIA BIZNESOWA<\/span><\/div>\t\t\t\t\t\t\t\t\t\t\t\t\t\t\t\t\t<\/div>\n\t\t\t\t\t\t\t\t<\/div>\n\n\t\t\t\t\t\t\t\t\t<div>\n\t\t\t\t\t\t\t\t\t\t\t\t\t\t<figure class=\"pricing-row features-align-left\">\n\t\t\t\t\t\t<i aria-hidden=\"true\" class=\"gem-elegant icon-box-checked\"><\/i>\t\t\t\t\t\t<span >\n\t\t\t\t\t\t\tDefiniowanie modelu biznesowego\t\t\t\t\t\t<\/span>\n\t\t\t\t\t<\/figure>\n\t\t\t\t\t\t\t\t\t\t\t\t\t\t\t\t\t\t\t<figure class=\"pricing-row features-align-left\">\n\t\t\t\t\t\t<i aria-hidden=\"true\" class=\"gem-elegant icon-box-checked\"><\/i>\t\t\t\t\t\t<span >\n\t\t\t\t\t\t\tTworzenie prognoz finansowych\t\t\t\t\t\t<\/span>\n\t\t\t\t\t<\/figure>\n\t\t\t\t\t\t\t\t\t\t\t\t\t\t\t\t\t\t\t<figure class=\"pricing-row features-align-left\">\n\t\t\t\t\t\t<i aria-hidden=\"true\" class=\"gem-elegant icon-box-checked\"><\/i>\t\t\t\t\t\t<span >\n\t\t\t\t\t\t\tWyb\u00f3r struktury prawnej firmy\t\t\t\t\t\t<\/span>\n\t\t\t\t\t<\/figure>\n\t\t\t\t\t\t\t\t\t\t\t\t\t\t\t\t\t\t\t<figure class=\"pricing-row features-align-left\">\n\t\t\t\t\t\t<i aria-hidden=\"true\" class=\"gem-elegant icon-box-checked\"><\/i>\t\t\t\t\t\t<span >\n\t\t\t\t\t\t\tOkre\u015blenie sposobu finansowania startupu\t\t\t\t\t\t<\/span>\n\t\t\t\t\t<\/figure>\n\t\t\t\t\t\t\t\t\t\t\t\t\t\t\t\t\t\t\t<figure class=\"pricing-row features-align-left\">\n\t\t\t\t\t\t<i aria-hidden=\"true\" class=\"gem-elegant icon-box-checked\"><\/i>\t\t\t\t\t\t<span >\n\t\t\t\t\t\t\tOpracowanie strategii marketingu i sprzeda\u017cy\t\t\t\t\t\t<\/span>\n\t\t\t\t\t<\/figure>\n\t\t\t\t\t\t\t\t\t\t\t\t\t<\/div>\n\t\t\t\t\n\t\t\t\t\t\t\t<\/div>\n\t\t<\/div>\n\n\t<\/div>\t\t\t\t<\/div>\n\t\t\t\t<\/div>\n\t\t\t\t\t<\/div>\n\t\t<\/div>\n\t\t\t\t<div class=\"elementor-column elementor-col-33 elementor-inner-column elementor-element elementor-element-b8b64f2\" data-id=\"b8b64f2\" data-element_type=\"column\" data-e-type=\"column\">\n\t\t\t<div class=\"elementor-widget-wrap elementor-element-populated\">\n\t\t\t\t\t\t<div class=\"elementor-element elementor-element-24cb3ed flex-horizontal-align-default flex-horizontal-align-tablet-default flex-horizontal-align-mobile-default flex-vertical-align-default flex-vertical-align-tablet-default flex-vertical-align-mobile-default elementor-widget elementor-widget-thegem-pricing-table\" data-id=\"24cb3ed\" data-element_type=\"widget\" data-e-type=\"widget\" data-settings=\"{&quot;thegem_elementor_preset&quot;:&quot;6&quot;,&quot;content_header_title&quot;:&quot;WYKONANIE I WPROWADZENIE NA RYNEK&quot;,&quot;content_header_show&quot;:&quot;yes&quot;,&quot;content_pricing_show&quot;:&quot;yes&quot;,&quot;content_features_show&quot;:&quot;yes&quot;}\" data-widget_type=\"thegem-pricing-table.default\">\n\t\t\t\t<div class=\"elementor-widget-container\">\n\t\t\t\t\t\t<div class=\"pricing-table pricing-table-style-6 button-icon-default\">\n\t\t<div class=\"pricing-column-wrapper\">\n\n\n\t\t\t<div class=\"pricing-column\">\t\n\t\t\t\t\t\t\t\t\t\t<div class=\"pricing-price-wrapper pricing-align-left\">\n\t\t\t\t\t\n\t\t\t\t\t\t\t\t\t\t\t\t<div class=\"pricing-price\">\n\t\t\t\t\t\t\t\t\t\t\t\t\t<div class=\"pricing-cost\">KROK 3<\/div>\t\t\t\t\t\t\t\t\t\t\t\t\t\t\t\t\t\t<\/div>\n\t\t\t\t\t\t\n\t\t\t\t\t\t\n\t\t\t\t\t\t\t\t\t\t<\/div>\n\t\t\t\t\t\t\t\t\t\n\n\t\t\t\t\t\t\t\t<div class=\"pricing-price-row \">\n\t\t\t\t\t<div class=\"pricing-price-title-wrapper\">\n\t\t\t\t\t\t\t\t\t\t\t\t\t<div class=\"pricing-price-title header-align-left\"><span >WYKONANIE I WPROWADZENIE NA RYNEK<\/span><\/div>\t\t\t\t\t\t\t\t\t\t\t\t\t\t\t\t\t<\/div>\n\t\t\t\t\t\t\t\t<\/div>\n\n\t\t\t\t\t\t\t\t\t<div>\n\t\t\t\t\t\t\t\t\t\t\t\t\t\t<figure class=\"pricing-row features-align-left\">\n\t\t\t\t\t\t<i aria-hidden=\"true\" class=\"gem-elegant icon-box-checked\"><\/i>\t\t\t\t\t\t<span >\n\t\t\t\t\t\t\tTworzenie lub finalizowanie produktu\t\t\t\t\t\t<\/span>\n\t\t\t\t\t<\/figure>\n\t\t\t\t\t\t\t\t\t\t\t\t\t\t\t\t\t\t\t<figure class=\"pricing-row features-align-left\">\n\t\t\t\t\t\t<i aria-hidden=\"true\" class=\"gem-elegant icon-box-checked\"><\/i>\t\t\t\t\t\t<span >\n\t\t\t\t\t\t\tZebranie zespo\u0142u posiadaj\u0105cego niezb\u0119dne umiej\u0119tno\u015bci i wiedz\u0119 specjalistyczn\u0105\t\t\t\t\t\t<\/span>\n\t\t\t\t\t<\/figure>\n\t\t\t\t\t\t\t\t\t\t\t\t\t\t\t\t\t\t\t<figure class=\"pricing-row features-align-left\">\n\t\t\t\t\t\t<i aria-hidden=\"true\" class=\"gem-elegant icon-box-checked\"><\/i>\t\t\t\t\t\t<span >\n\t\t\t\t\t\t\tMarketing i budowanie marki startupu\t\t\t\t\t\t<\/span>\n\t\t\t\t\t<\/figure>\n\t\t\t\t\t\t\t\t\t\t\t\t\t\t\t\t\t\t\t<figure class=\"pricing-row features-align-left\">\n\t\t\t\t\t\t<i aria-hidden=\"true\" class=\"gem-elegant icon-box-checked\"><\/i>\t\t\t\t\t\t<span >\n\t\t\t\t\t\t\tWdra\u017canie strategii sprzeda\u017cy, tworzenie system\u00f3w obs\u0142ugi klienta\t\t\t\t\t\t<\/span>\n\t\t\t\t\t<\/figure>\n\t\t\t\t\t\t\t\t\t\t\t\t\t\t\t\t\t\t\t<figure class=\"pricing-row features-align-left\">\n\t\t\t\t\t\t<i aria-hidden=\"true\" class=\"gem-elegant icon-box-checked\"><\/i>\t\t\t\t\t\t<span >\n\t\t\t\t\t\t\tZbieranie opinii od klient\u00f3w\t\t\t\t\t\t<\/span>\n\t\t\t\t\t<\/figure>\n\t\t\t\t\t\t\t\t\t\t\t\t\t<\/div>\n\t\t\t\t\n\t\t\t\t\t\t\t<\/div>\n\t\t<\/div>\n\n\t<\/div>\t\t\t\t<\/div>\n\t\t\t\t<\/div>\n\t\t\t\t\t<\/div>\n\t\t<\/div>\n\t\t\t\t\t<\/div><\/div>\r\n\t\t<\/section>\r\n\t\t\t\t\t<\/div>\n\t\t<\/div>\n\t\t\t\t\t<\/div><\/div>\r\n\t\t<\/section>\r\n\t\t\t\t<section class=\"elementor-section elementor-top-section elementor-element elementor-element-92dbb37 elementor-section-boxed elementor-section-height-default elementor-section-height-default\" data-id=\"92dbb37\" data-element_type=\"section\" data-e-type=\"section\" data-settings=\"{&quot;background_background&quot;:&quot;classic&quot;}\">\r\n\t\t\t\t\t\t<div class=\"elementor-container elementor-column-gap-thegem\"><div class=\"elementor-row\">\r\n\t\t\t\t\t<div class=\"elementor-column elementor-col-100 elementor-top-column elementor-element elementor-element-baac38e\" data-id=\"baac38e\" data-element_type=\"column\" data-e-type=\"column\">\n\t\t\t<div class=\"elementor-widget-wrap elementor-element-populated\">\n\t\t\t\t\t\t<div class=\"elementor-element elementor-element-20e1881 flex-horizontal-align-default flex-horizontal-align-tablet-default flex-horizontal-align-mobile-default flex-vertical-align-default flex-vertical-align-tablet-default flex-vertical-align-mobile-default elementor-widget elementor-widget-thegem-styledbutton\" data-id=\"20e1881\" data-element_type=\"widget\" data-e-type=\"widget\" data-settings=\"{&quot;thegem_button_skin&quot;:&quot;outline&quot;}\" data-widget_type=\"thegem-styledbutton.default\">\n\t\t\t\t<div class=\"elementor-widget-container\">\n\t\t\t\t\t\n<div class=\"gem-button-container gem-widget-button\">\n\n\t\t<a class=\"gem-button gem-button-size-giant gem-button-text-weight-bold gem-button-style-outline gem-button-border-6\" href=\"https:\/\/www.giorgiomontaldo.com\/pl\/contact-me\/\">\n\t\t<span class=\"gem-inner-wrapper-btn\">\n\t\t\t\t\t\t<span class=\"gem-text-button\">\n\t\t\t\tZAREZERWUJ BEZP\u0141ATN\u0104 KONSULTACJ\u0118\t\t\t<\/span>\n\t\t<\/span>\n\t<\/a>\n\n\t\n<\/div>\t\t\t\t<\/div>\n\t\t\t\t<\/div>\n\t\t\t\t\t<\/div>\n\t\t<\/div>\n\t\t\t\t\t<\/div><\/div>\r\n\t\t<\/section>\r\n\t\t\t\t<\/div>\n\t\t","protected":false},"excerpt":{"rendered":"<p>MAPA DROGOWA STARTUPU: SKUP SI\u0118 NA SUKCESIE Wsp\u00f3lna mapa drogowa dla strategii startupu zazwyczaj obejmuje zdefiniowanie jego wizji i misji,&#8230;<\/p>\n","protected":false},"author":1,"featured_media":0,"parent":0,"menu_order":0,"comment_status":"closed","ping_status":"closed","template":"page-fullwidth.php","meta":{"footnotes":""},"class_list":["post-3073","page","type-page","status-publish"],"_links":{"self":[{"href":"https:\/\/www.giorgiomontaldo.com\/pl\/wp-json\/wp\/v2\/pages\/3073","targetHints":{"allow":["GET"]}}],"collection":[{"href":"https:\/\/www.giorgiomontaldo.com\/pl\/wp-json\/wp\/v2\/pages"}],"about":[{"href":"https:\/\/www.giorgiomontaldo.com\/pl\/wp-json\/wp\/v2\/types\/page"}],"author":[{"embeddable":true,"href":"https:\/\/www.giorgiomontaldo.com\/pl\/wp-json\/wp\/v2\/users\/1"}],"replies":[{"embeddable":true,"href":"https:\/\/www.giorgiomontaldo.com\/pl\/wp-json\/wp\/v2\/comments?post=3073"}],"version-history":[{"count":4,"href":"https:\/\/www.giorgiomontaldo.com\/pl\/wp-json\/wp\/v2\/pages\/3073\/revisions"}],"predecessor-version":[{"id":3209,"href":"https:\/\/www.giorgiomontaldo.com\/pl\/wp-json\/wp\/v2\/pages\/3073\/revisions\/3209"}],"wp:attachment":[{"href":"https:\/\/www.giorgiomontaldo.com\/pl\/wp-json\/wp\/v2\/media?parent=3073"}],"curies":[{"name":"wp","href":"https:\/\/api.w.org\/{rel}","templated":true}]}}